{"id":773,"date":"2019-06-13T10:06:23","date_gmt":"2019-06-13T10:06:23","guid":{"rendered":"http:\/\/physis.sicilianaturista.it\/?page_id=773"},"modified":"2022-12-20T10:22:47","modified_gmt":"2022-12-20T10:22:47","slug":"last-minute","status":"publish","type":"page","link":"https:\/\/physis.sicilianaturista.it\/?page_id=773","title":{"rendered":"Last Minute!"},"content":{"rendered":"\n<figure class=\"wp-block-image\"><img decoding=\"async\" src=\"https:\/\/www.craigtounmeadows.co.uk\/uploads\/images\/cms\/medium\/1529922532lastminutedealbooknowsign1.jpg\" alt=\"\"\/><\/figure>\n\n\n\n<h1 class=\"has-text-align-center wp-block-heading\">ESTATE &#8211; SUMMER &#8211; \u00e9t\u00e9 &#8211; 2023<\/h1>\n\n\n\n<p class=\"has-text-align-center\">Offerta Last Minute &#8211; Offre de Derni\u00e8re Minute &#8211; Last Minute Deal<br>Your Naturist Holiday in Sicily<\/p>\n\n\n\n<h2 class=\"wp-block-heading\">15-30 giugno &#8211; June -Juin <\/h2>\n\n\n\n<h3 class=\"wp-block-heading\">sconto del 40%   <br>40% off<br>40% de r\u00e9duction<br>prenota entro il 15 gennaio 2023<br>book by january the 15th<br>r\u00e9server avant le 15 Janvier<\/h3>\n\n\n\n<h2 class=\"wp-block-heading\">1-30 luglio &#8211; July -Juillet <\/h2>\n\n\n\n<h3 class=\"wp-block-heading\">sconto del 30%   <br>30% off<br>30% de r\u00e9duction<br>prenota entro il 15 gennaio 2023<br>book by january the 15th<br>r\u00e9server avant le 15 Janvier<\/h3>\n\n\n\n<h2 class=\"wp-block-heading\">1-30 agosto &#8211; August -Ao\u00fbt <\/h2>\n\n\n\n<h3 class=\"wp-block-heading\">sconto del 20%   <br>20% off<br>20% de r\u00e9duction<br>prenota entro il 15 gennaio 2023<br>book by january the 15th<br>r\u00e9server avant le 15 Janvier<\/h3>\n\n\n\n<p><br><\/p>\n\n\n\n<p><br><\/p>\n\n\n\n<p><\/p>\n\n\n\n<p><\/p>\n\n\n\n<p>E-mail: presidente@sicilianaturista.it<br>Mobile  &#8211; Whatsapp &#8211; Telegram +393289483694<\/p>\n","protected":false},"excerpt":{"rendered":"<p>ESTATE &#8211; SUMMER &#8211; \u00e9t\u00e9 &#8211; 2023 Offerta Last Minute &#8211; Offre de Derni\u00e8re Minute &#8211; Last Minute DealYour Naturist Holiday in Sicily 15-30 giugno &#8211; June -Juin sconto del 40% 40% off40% de r\u00e9ductionprenota entro il 15 gennaio 2023book by january the 15thr\u00e9server avant le 15 Janvier 1-30 luglio &#8211; July -Juillet sconto del&nbsp;&hellip;<\/p>\n","protected":false},"author":2,"featured_media":0,"parent":0,"menu_order":0,"comment_status":"closed","ping_status":"closed","template":"","meta":{"footnotes":""},"class_list":["post-773","page","type-page","status-publish","hentry"],"_links":{"self":[{"href":"https:\/\/physis.sicilianaturista.it\/index.php?rest_route=\/wp\/v2\/pages\/773","targetHints":{"allow":["GET"]}}],"collection":[{"href":"https:\/\/physis.sicilianaturista.it\/index.php?rest_route=\/wp\/v2\/pages"}],"about":[{"href":"https:\/\/physis.sicilianaturista.it\/index.php?rest_route=\/wp\/v2\/types\/page"}],"author":[{"embeddable":true,"href":"https:\/\/physis.sicilianaturista.it\/index.php?rest_route=\/wp\/v2\/users\/2"}],"replies":[{"embeddable":true,"href":"https:\/\/physis.sicilianaturista.it\/index.php?rest_route=%2Fwp%2Fv2%2Fcomments&post=773"}],"version-history":[{"count":7,"href":"https:\/\/physis.sicilianaturista.it\/index.php?rest_route=\/wp\/v2\/pages\/773\/revisions"}],"predecessor-version":[{"id":931,"href":"https:\/\/physis.sicilianaturista.it\/index.php?rest_route=\/wp\/v2\/pages\/773\/revisions\/931"}],"wp:attachment":[{"href":"https:\/\/physis.sicilianaturista.it\/index.php?rest_route=%2Fwp%2Fv2%2Fmedia&parent=773"}],"curies":[{"name":"wp","href":"https:\/\/api.w.org\/{rel}","templated":true}]}}