{"id":75,"date":"2009-02-02T18:57:26","date_gmt":"2009-02-02T17:57:26","guid":{"rendered":"http:\/\/www.marcellofesteggiante.it\/physis\/wordpressxxl\/?page_id=75"},"modified":"2021-04-20T10:49:22","modified_gmt":"2021-04-20T10:49:22","slug":"home","status":"publish","type":"page","link":"https:\/\/physis.sicilianaturista.it\/?page_id=75","title":{"rendered":"Info"},"content":{"rendered":"\n<p class=\"has-text-align-center\">Al &#8220;Physis &#8211; Naturist Accomodation&#8221; siamo pronti per accogliervi in totale sicurezza!<\/p>\n\n\n\n<div class=\"wp-block-image size-small is-style-default\"><figure class=\"aligncenter size-large is-resized\"><img loading=\"lazy\" decoding=\"async\" src=\"https:\/\/belpasso-api.municipiumapp.it\/s3\/system\/images\/news\/image\/2\/3\/0\/1\/8\/7\/app_1920_1280_covid_free.jpg\" alt=\"Covid Free naturist accomodation\" width=\"306\" height=\"204\"\/><\/figure><\/div>\n\n\n\n<figure class=\"wp-block-image is-resized\"><img loading=\"lazy\" decoding=\"async\" src=\"https:\/\/cdn.icon-icons.com\/icons2\/97\/PNG\/256\/united_kingdom_flags_flag_17079.png\" alt=\"England Flag\" width=\"128\" height=\"128\"\/><\/figure>\n\n\n\n<p class=\"has-text-align-center\">Our &#8220;Physis&#8221; is a <strong>naturist tourist facility, the only one in Sicily<\/strong> for nudist people. <\/p>\n\n\n\n<p class=\"has-text-align-justify\">We will welcome you in a warm and welcoming atmosphere. It is a <strong>two-storey house<\/strong> surrounded by a lovely fenced <strong>garden with centuries-old olive trees<\/strong>, where you can also park your car or have your sunbath. <br>In the garden there is a picnic area with <strong>barbecue<\/strong> and tables, <strong>deck chairs<\/strong>, <strong>swimming pool<\/strong>, outdoor showers, <strong>hot tub<\/strong>. Naturism allowed everywhere.<br>The structure consists of <strong>2 newly built apartments <\/strong> (ground and first floor), fresh, independent and very bright, with a nice terrace where you can enjoy a delicious breakfast.<br>You can also stay in <strong>three comfortable camping tents already assembled<\/strong> (glamping service) with bed, private toilets, bed linen, towels.<br>From &#8220;Physis&#8221; you can easily reach both beaches of Mazara del Vallo (Tonnarella and S. Vito at about 3 Km), nearest naturist beaches (Capo Feto and Casello 41) or the city center (about 1km). It is possible to rent bicycle (for info call in advance). <\/p>\n\n\n\n<div class=\"wp-block-image\"><figure class=\"aligncenter\"><a href=\"https:\/\/physis.sicilianaturista.it\/wp-content\/uploads\/2017\/05\/ospiti_olanda_2.jpg\"><img loading=\"lazy\" decoding=\"async\" width=\"300\" height=\"169\" src=\"https:\/\/physis.sicilianaturista.it\/wp-content\/uploads\/2017\/05\/ospiti_olanda_2-300x169.jpg\" alt=\"sicilie naakt vakantie, naturist camping, campeggio naturista\" class=\"wp-image-409\" srcset=\"https:\/\/physis.sicilianaturista.it\/wp-content\/uploads\/2017\/05\/ospiti_olanda_2-300x169.jpg 300w, https:\/\/physis.sicilianaturista.it\/wp-content\/uploads\/2017\/05\/ospiti_olanda_2.jpg 640w\" sizes=\"auto, (max-width: 300px) 100vw, 300px\" \/><\/a><figcaption>Sicili\u00eb nudist vakantie &#8211; Naturism holyday<br>Naturismo in Sicilia<\/figcaption><\/figure><\/div>\n\n\n\n<figure class=\"wp-block-image is-resized\"><img loading=\"lazy\" decoding=\"async\" src=\"https:\/\/publicdomainvectors.org\/photos\/it.png\" alt=\"Pulsante bandiera Italia\" width=\"125\" height=\"125\"\/><\/figure>\n\n\n\n<p class=\"has-text-align-justify\">A due passi dalla citt\u00e0 di Mazara del Vallo ma in pieno verde,&nbsp;la nostra  struttura \u00e8 <strong>l&#8217;unica in Sicilia ad accogliere esclusivamente ospiti nudisti<\/strong>.<br>Il &#8220;Physis&#8221; vi ricever\u00e0 in un&#8217;atmosfera calda e accogliente. Si tratta di una <strong>casa su due piani<\/strong> circondata da un grazioso <strong>giardino<\/strong>, recintato, con ulivi secolari, in cui poter anche parcheggiare la propria autovettura. <br>In giardino sono presenti un <strong>angolo pic-nic con barbecue e tavolo, sedie a sdraio, la piscina, le docce esterne e la vasca idromassaggio<\/strong>; tutto rigorosamente all&#8217;insegna della nudit\u00e0.<br>La struttura \u00e8 composta da <strong>2 appartamenti<\/strong>, Aer e Gea, con ingresso indipendente (piano terra e primo piano); entrambi gli appartamenti sono di nuovissima costruzione, freschi, indipendenti e luminosissimi, con una bella terrazza ed un patio dove si pu\u00f2 gustare una deliziosa colazione. <br>La struttura offre la massima disponibilit\u00e0 e flessibilit\u00e0 nei posti letto oltre ad un perfetto equilibrio di relax e piacevolezza, prolungando il piacere per l&#8217;interesse assaporato con la visita alle citt\u00e0 d&#8217;arte dei dintorni, nella quiete della campagna. Gli appartamenti sono modulari e, alla necessit\u00e0, comunicanti per venire incontro alle necessit\u00e0 di gruppi o famiglie numerose.<br>Oltre che negli appartamenti \u00e8 possibile soggiornare in una delle nostre <strong>tre tende gi\u00e0 montate<\/strong> (servizio Glamping). Le tende, di diversa misura, sono dotate di letti, tavolini e sedie, lenzuola e asciugamani, e, a richiesta, il bagno privato.<br>Dal Bed &amp; Breakfast si possono agevolmente raggiungere ambedue le spiagge di Mazara del Vallo (Tonnarella e S. Vito a circa 3 Km) o il centro della citta&#8217;(circa 1km). Oltre all&#8217;auto \u00e8 possibile muoversi anche in bicicletta (per info chiamare anticipatamente). Lungo tutto il perimento dei due appartamenti corre la una veranda e, in ogni momento della giornata, \u00e8 possibile godere sia dell&#8217;ombreggiatura per le calde estati, sia del sole per un&#8217;invidiabile abbronzatura integrale. <\/p>\n\n\n\n<div class=\"wp-block-image\"><figure class=\"aligncenter is-resized\"><a href=\"https:\/\/physis.sicilianaturista.it\/wp-content\/uploads\/2017\/07\/piscina_nuoto2.jpg\"><img loading=\"lazy\" decoding=\"async\" src=\"https:\/\/physis.sicilianaturista.it\/wp-content\/uploads\/2017\/07\/piscina_nuoto2-300x175.jpg\" alt=\"naturist accomodation sicily, naturisme sicilie, piscina naturista\" class=\"wp-image-448\" width=\"331\" height=\"193\" srcset=\"https:\/\/physis.sicilianaturista.it\/wp-content\/uploads\/2017\/07\/piscina_nuoto2-300x175.jpg 300w, https:\/\/physis.sicilianaturista.it\/wp-content\/uploads\/2017\/07\/piscina_nuoto2.jpg 640w\" sizes=\"auto, (max-width: 331px) 100vw, 331px\" \/><\/a><figcaption>La nostra piscina naturista &#8211; naturist swimming pool in Sicily<\/figcaption><\/figure><\/div>\n\n\n\n<figure class=\"wp-block-image is-resized\"><img loading=\"lazy\" decoding=\"async\" src=\"https:\/\/cdn.icon-icons.com\/icons2\/97\/PNG\/256\/france_flags_flag_16999.png\" alt=\"\" width=\"128\" height=\"128\"\/><\/figure>\n\n\n\n<p class=\"has-text-align-justify\">Notre &#8220;Physis&#8221; est un \u00e9tablissement touristique naturiste, <strong>le seul en Sicile pour les nudistes<\/strong>. Nous vous accueillerons dans une atmosph\u00e8re chaleureuse et accueillante. C&#8217;est une maison de deux \u00e9tages entour\u00e9e d&#8217;un beau <strong>jardin cl\u00f4tur\u00e9 avec des oliviers centenaires<\/strong>, o\u00f9 vous pouvez \u00e9galement garer votre voiture ou prendre un bain de soleil.<br>Dans le jardin, il y a une aire de <strong>pique-nique avec barbecue et tables<\/strong>, <strong>chaises longues, piscine, douches ext\u00e9rieures, spa Bain \u00e0 remous<\/strong>. Le naturisme autoris\u00e9 partout.<br>La structure se compose de <strong>2 appartements<\/strong> nouvellement construits (rez-de-chauss\u00e9e et premier \u00e9tage), frais, ind\u00e9pendants et tr\u00e8s lumineux, avec une belle terrasse o\u00f9 vous pourrez savourer un d\u00e9licieux petit d\u00e9jeuner.<br>Vous pouvez \u00e9galement s\u00e9journer dans<strong> trois confortables tentes de camping d\u00e9j\u00e0 mont\u00e9es<\/strong> (service de glamping) avec un lit, des toilettes priv\u00e9es, du linge de lit et des serviettes.<br>De &#8220;Physis&#8221;, vous pouvez facilement rejoindre les deux plages de Mazara del Vallo (Tonnarella et S. Vito \u00e0 environ 3 km), les plages naturistes les plus proches (Capo Feto et Casello 41) ou le centre-ville (environ 1 km). Il est possible de louer un v\u00e9lo (appel info \u00e0 l\u2019avance).<\/p>\n\n\n\n<div class=\"wp-block-image\"><figure class=\"aligncenter is-resized\"><a href=\"https:\/\/physis.sicilianaturista.it\/wp-content\/uploads\/2009\/02\/ospiti_irlanda.png\"><img loading=\"lazy\" decoding=\"async\" src=\"https:\/\/physis.sicilianaturista.it\/wp-content\/uploads\/2009\/02\/ospiti_irlanda-300x136.png\" alt=\"campeggio naturista, naturist camping, coppia nudista, nudist couple\" class=\"wp-image-453\" width=\"337\" height=\"153\" srcset=\"https:\/\/physis.sicilianaturista.it\/wp-content\/uploads\/2009\/02\/ospiti_irlanda-300x136.png 300w, https:\/\/physis.sicilianaturista.it\/wp-content\/uploads\/2009\/02\/ospiti_irlanda-768x348.png 768w, https:\/\/physis.sicilianaturista.it\/wp-content\/uploads\/2009\/02\/ospiti_irlanda-1024x464.png 1024w, https:\/\/physis.sicilianaturista.it\/wp-content\/uploads\/2009\/02\/ospiti_irlanda.png 1766w\" sizes=\"auto, (max-width: 337px) 100vw, 337px\" \/><\/a><figcaption>coppia nudista sul prato del campeggio &#8211; nudist couple on the grass in the camping<\/figcaption><\/figure><\/div>\n\n\n\n<figure class=\"wp-block-image is-resized\"><img loading=\"lazy\" decoding=\"async\" src=\"https:\/\/cdn.icon-icons.com\/icons2\/97\/PNG\/256\/netherlands_flags_flag_17041.png\" alt=\"\" width=\"128\" height=\"128\"\/><\/figure>\n\n\n\n<p>Onze &#8220;Physis&#8221; is een naturistenfaciliteit,<strong> de enige in Sicili\u00eb voor nudisten<\/strong>. We verwelkomen u in een warme en gastvrije sfeer. Het is een huis van twee verdiepingen, omringd door een mooie omheinde tuin met eeuwenoude olijfbomen, waar u ook uw auto kunt parkeren of kunt zonnebaden.<br> In de tuin is er een <strong>picknickplaats<\/strong> met <strong>barbecue<\/strong> en tafels, <strong>ligstoelen<\/strong>, een <strong>zwembad<\/strong>, buitendouches en een <strong>bubbelbad<\/strong>. Naturisme is overal toegestaan.<br> De structuur bestaat uit <strong>2 nieuw gebouwde appartementen<\/strong> (begane grond en eerste verdieping), fris, zelfstandig en zeer licht, met een mooi terras waar u kunt genieten van een heerlijk ontbijt.<br> U kunt ook verblijven in <strong>drie comfortabele kampeer-tenten die al zijn gemonteerd <\/strong>(glamping-service) met bed, eigen toiletten, beddengoed, handdoeken.<br>Van &#8220;Physis&#8221; kunt u gemakkelijk beide stranden van Mazara del Vallo bereiken (Tonnarella en S. Vito op ongeveer 3 km), dichtstbijzijnde naturistenstranden (Capo Feto en Casello 41) of het stadscentrum (ongeveer 1 km). Het is mogelijk om een \u200b\u200bfiets te huren (voor info bel van tevoren).<\/p>\n\n\n\n<div class=\"wp-block-image\"><figure class=\"aligncenter is-resized\"><img loading=\"lazy\" decoding=\"async\" src=\"https:\/\/physis.sicilianaturista.it\/wp-content\/uploads\/2019\/04\/ospiti_portoghesi_31.jpg\" alt=\"Fille nudiste en vacances en Italie\" class=\"wp-image-518\" width=\"387\" height=\"220\" srcset=\"https:\/\/physis.sicilianaturista.it\/wp-content\/uploads\/2019\/04\/ospiti_portoghesi_31.jpg 838w, https:\/\/physis.sicilianaturista.it\/wp-content\/uploads\/2019\/04\/ospiti_portoghesi_31-300x170.jpg 300w, https:\/\/physis.sicilianaturista.it\/wp-content\/uploads\/2019\/04\/ospiti_portoghesi_31-768x435.jpg 768w\" sizes=\"auto, (max-width: 387px) 100vw, 387px\" \/><figcaption>Benvenuti al Physis, nella Sicilia per nudisti.\nBienvenue \u00e0 Physis, en Sicile pour les nudistes.\n<\/figcaption><\/figure><\/div>\n\n\n\n<figure class=\"wp-block-image is-resized\"><img loading=\"lazy\" decoding=\"async\" src=\"https:\/\/cdn.icon-icons.com\/icons2\/97\/PNG\/256\/germany_flags_flag_17001.png\" alt=\"\" width=\"128\" height=\"128\"\/><\/figure>\n\n\n\n<p>Unsere &#8220;Physis&#8221; ist eine <strong>FKK-Touristeneinrichtung<\/strong>,<strong> die einzige in Sizilien f\u00fcr FKK-Leute<\/strong>. Wir hei\u00dfen Sie in einer herzlichen und einladenden Atmosph\u00e4re willkommen. Es ist ein zweist\u00f6ckiges Haus, umgeben von einem sch\u00f6nen, eingez\u00e4unten <strong>Garten<\/strong> mit jahrhundertealten Olivenb\u00e4umen, in dem Sie auch Ihr Auto parken oder ein Sonnenbad nehmen k\u00f6nnen.<br> Im Garten gibt es einen <strong>Picknickplatz<\/strong> mit Grill und Tischen, <strong>Liegest\u00fchlen<\/strong>, <strong>Swimmingpool<\/strong>, Au\u00dfenduschen und <strong>Whirlpool<\/strong>. FKK \u00fcberall erlaubt.<br>Die Struktur besteht aus <strong>2 neu gebauten Wohnungen<\/strong> (Erdgeschoss und erster Stock), frisch, unabh\u00e4ngig und sehr hell, mit einer sch\u00f6nen Terrasse, auf der Sie ein k\u00f6stliches Fr\u00fchst\u00fcck genie\u00dfen k\u00f6nnen.<br> Sie k\u00f6nnen auch in <strong>drei bequemen Campingzelten \u00fcbernachten<\/strong> (Glamping-Service) mit Bett, eigenem WC, Bettw\u00e4sche und Handt\u00fcchern.<br> Von &#8220;Physis&#8221; aus erreichen Sie bequem beide Str\u00e4nde von Mazara del Vallo (Tonnarella und S. Vito, ca. 3 km), die n\u00e4chsten FKK-Str\u00e4nde (Capo Feto und Casello 41) oder das Stadtzentrum (ca. 1 km). Es ist m\u00f6glich, ein Fahrrad zu mieten (f\u00fcr Informationen im Voraus anrufen).<\/p>\n\n\n\n<div class=\"wp-block-image\"><figure class=\"aligncenter is-resized\"><img loading=\"lazy\" decoding=\"async\" src=\"https:\/\/physis.sicilianaturista.it\/wp-content\/uploads\/2019\/04\/coppia_bambino_ingresso.png\" alt=\"Casa vacanze nudisti in Sicilia\nNaturist Holiday in Italy\" class=\"wp-image-567\" width=\"392\" height=\"217\" srcset=\"https:\/\/physis.sicilianaturista.it\/wp-content\/uploads\/2019\/04\/coppia_bambino_ingresso.png 812w, https:\/\/physis.sicilianaturista.it\/wp-content\/uploads\/2019\/04\/coppia_bambino_ingresso-300x166.png 300w, https:\/\/physis.sicilianaturista.it\/wp-content\/uploads\/2019\/04\/coppia_bambino_ingresso-768x426.png 768w\" sizes=\"auto, (max-width: 392px) 100vw, 392px\" \/><figcaption>Famiglia naturista in Sicilia &#8211; Naturist family in Sicily &#8211; Famille naturiste en Sicile<\/figcaption><\/figure><\/div>\n\n\n\n<p><\/p>\n","protected":false},"excerpt":{"rendered":"<p>Al &#8220;Physis &#8211; Naturist Accomodation&#8221; siamo pronti per accogliervi in totale sicurezza! Our &#8220;Physis&#8221; is a naturist tourist facility, the only one in Sicily for nudist people. We will welcome you in a warm and welcoming atmosphere. It is a two-storey house surrounded by a lovely fenced garden with centuries-old olive trees, where you can&nbsp;&hellip;<\/p>\n","protected":false},"author":2,"featured_media":0,"parent":0,"menu_order":0,"comment_status":"closed","ping_status":"open","template":"","meta":{"footnotes":""},"class_list":["post-75","page","type-page","status-publish","hentry"],"_links":{"self":[{"href":"https:\/\/physis.sicilianaturista.it\/index.php?rest_route=\/wp\/v2\/pages\/75","targetHints":{"allow":["GET"]}}],"collection":[{"href":"https:\/\/physis.sicilianaturista.it\/index.php?rest_route=\/wp\/v2\/pages"}],"about":[{"href":"https:\/\/physis.sicilianaturista.it\/index.php?rest_route=\/wp\/v2\/types\/page"}],"author":[{"embeddable":true,"href":"https:\/\/physis.sicilianaturista.it\/index.php?rest_route=\/wp\/v2\/users\/2"}],"replies":[{"embeddable":true,"href":"https:\/\/physis.sicilianaturista.it\/index.php?rest_route=%2Fwp%2Fv2%2Fcomments&post=75"}],"version-history":[{"count":19,"href":"https:\/\/physis.sicilianaturista.it\/index.php?rest_route=\/wp\/v2\/pages\/75\/revisions"}],"predecessor-version":[{"id":858,"href":"https:\/\/physis.sicilianaturista.it\/index.php?rest_route=\/wp\/v2\/pages\/75\/revisions\/858"}],"wp:attachment":[{"href":"https:\/\/physis.sicilianaturista.it\/index.php?rest_route=%2Fwp%2Fv2%2Fmedia&parent=75"}],"curies":[{"name":"wp","href":"https:\/\/api.w.org\/{rel}","templated":true}]}}