{"id":708,"date":"2019-06-11T11:09:27","date_gmt":"2019-06-11T11:09:27","guid":{"rendered":"http:\/\/physis.sicilianaturista.it\/?page_id=708"},"modified":"2019-06-11T11:09:28","modified_gmt":"2019-06-11T11:09:28","slug":"francais","status":"publish","type":"page","link":"https:\/\/physis.sicilianaturista.it\/?page_id=708","title":{"rendered":"Fran\u00e7ais"},"content":{"rendered":"\n<div class=\"wp-block-image\"><figure class=\"aligncenter\"><img loading=\"lazy\" decoding=\"async\" width=\"300\" height=\"224\" src=\"https:\/\/physis.sicilianaturista.it\/wp-content\/uploads\/2013\/10\/veranda1_piccola.jpg\" alt=\"naturista nel B&amp;B Physis\" class=\"wp-image-362\"\/><figcaption>bains de soleil nudistes en Sicile au Physis<\/figcaption><\/figure><\/div>\n\n\n\n<p>Notre \u201cPhysis\u201d est un \u00e9tablissement touristique naturiste, le seul en Sicile pour les nudistes. <\/p>\n\n\n\n<p>Nous vous accueillerons dans une atmosph\u00e8re chaleureuse et accueillante. <\/p>\n\n\n\n<p>Vous trouverez toujours quelqu&#8217;un pour vous accueillir qui vous donnera des indications pr\u00e9cises sur les plages, les restaurants, les lieux touristiques \u00e0 ne pas manquer.<\/p>\n\n\n\n<div class=\"wp-block-image\"><figure class=\"aligncenter is-resized\"><img loading=\"lazy\" decoding=\"async\" src=\"https:\/\/physis.sicilianaturista.it\/wp-content\/uploads\/2017\/04\/ospiti_francia2.jpg\" alt=\"\" class=\"wp-image-395\" width=\"371\" height=\"209\" srcset=\"https:\/\/physis.sicilianaturista.it\/wp-content\/uploads\/2017\/04\/ospiti_francia2.jpg 800w, https:\/\/physis.sicilianaturista.it\/wp-content\/uploads\/2017\/04\/ospiti_francia2-300x169.jpg 300w, https:\/\/physis.sicilianaturista.it\/wp-content\/uploads\/2017\/04\/ospiti_francia2-768x432.jpg 768w\" sizes=\"auto, (max-width: 371px) 100vw, 371px\" \/><\/figure><\/div>\n\n\n\n<p>Dans le jardin, il y a une aire de pique-nique avec barbecue et tables, chaises longues, piscine, douches ext\u00e9rieures, spa Bain \u00e0 remous. <\/p>\n\n\n\n<div class=\"wp-block-image\"><figure class=\"aligncenter is-resized\"><img loading=\"lazy\" decoding=\"async\" src=\"https:\/\/lh3.googleusercontent.com\/mGFEdaDbyrxsLNU56BUaRNAG-xlt1yvPcT-Ar3xcT7aCfH_bh-bG6S__uTrbaJBMS8gqGpbk1w=s239-c\" alt=\"\" width=\"278\" height=\"278\"\/><figcaption>tourbillon nudiste en Sicile<\/figcaption><\/figure><\/div>\n\n\n\n<p>La structure se compose de 2 appartements nouvellement construits (rez-de-chauss\u00e9e et premier \u00e9tage).<br>\nLes deu appartements sont frais, ind\u00e9pendants et tr\u00e8s lumineux, avec une belle terrasse o\u00f9 vous pourrez savourer un d\u00e9licieux petit d\u00e9jeuner.<\/p>\n\n\n\n<div class=\"wp-block-image\"><figure class=\"aligncenter is-resized\"><img loading=\"lazy\" decoding=\"async\" src=\"https:\/\/lh3.googleusercontent.com\/hgLvnE3-bvfhMVDuxoPlk2vujWB8CwRcQqiLA33pUen-NHxtLMIpcEUuHaYRRbYGszPuNE2M=s239-c\" alt=\"appartements et logements pour naturistes en Italie\" width=\"298\" height=\"298\"\/><figcaption>Physis: appartements et logements pour naturistes en Sicile<\/figcaption><\/figure><\/div>\n\n\n\n<p>Vous pouvez \u00e9galement s\u00e9journer dans trois confortables tentes de camping d\u00e9j\u00e0 mont\u00e9es (service de glamping) avec un lit, des toilettes priv\u00e9es, du linge de lit et des serviettes.<\/p>\n\n\n\n<div class=\"wp-block-image\"><figure class=\"aligncenter is-resized\"><img loading=\"lazy\" decoding=\"async\" src=\"https:\/\/lh3.googleusercontent.com\/XsaJNwZmjS4xsp_ZEDdeKLDyvq88bMi6vIuBNxOdS5A31CNPeejLP1e-EnOShv-jVqjv52F2Pw=w1080-h608-p-no-v0\" alt=\"camp de nudistes en Italie\" width=\"303\" height=\"303\"\/><figcaption>camp de nudistes en Sicile<\/figcaption><\/figure><\/div>\n\n\n\n<p>De \u201cPhysis\u201d, vous pouvez facilement rejoindre les deux plages de Mazara del Vallo (Tonnarella et S. Vito \u00e0 environ 3 km).<\/p>\n\n\n\n<p>Les plages naturistes plus proches sont Capo Feto (\u00e0 environ 7km) et Casello 41 (\u00e0 environ 20km).<\/p>\n\n\n\n<p>Nous sommes \u00e0 environ 1 km du centre ville. <\/p>\n\n\n\n<div class=\"wp-block-image\"><figure class=\"aligncenter\"><img decoding=\"async\" src=\"data:image\/jpeg;base64,\/9j\/4AAQSkZJRgABAQAAAQABAAD\/2wCEAAkGBxIQDxUQDxAVFRUVFRUQFRUQFQ8VFRUQFRYWFhUVFhUYHSggGBolHRUVITEhJSkrLy4uFx8zODMtNygtLisBCgoKDg0OFxAQGCslHSUtLS0tLS01LS0tKy0tLy0tLS0tLS0tLS0tLS0vKy0tLS0tLS0tLS0tLS0tLS0tLS0tLf\/AABEIAL0BCwMBIgACEQEDEQH\/xAAbAAACAwEBAQAAAAAAAAAAAAAAAQIDBQQGB\/\/EADwQAAEDAgQDBgQDBgYDAAAAAAEAAhEDIQQSMUEiUWEFE3GBkaEyQlKxFMHhBhVictHwI0OCkqLxB1Nj\/8QAGQEBAQEBAQEAAAAAAAAAAAAAAAECBQME\/8QAJhEBAAICAgIBBAIDAAAAAAAAAAERAhMSIQNRYRQiMUEEcQUjgf\/aAAwDAQACEQMRAD8A9AAnCcJgL73xkAnCaaBBOE01UKEQmnCKUIhNNBFOE00RGE04RCBIhNEIEiFJJAoRCkkgSE0IIwiFKEIIpKSIQRShShEKCMJQpQlCKikQpwoqiMJQpQiEUAKQCE1lCAUoRCcKhJpoQCE0IBEJoRCThNRqPDQXOIAFySQAB4oppqn8VTiQ9p5ZSCT4Aaq8ITEx+SQmhEJCaECQmhAklJJAkJoQRQmiECSUkkEUFNCKjCUKUJIIwhNCKE0BNZAmhNWwITQiBCE0sCE0IM6t2s1pLRTfO2ZpYD\/uv7Lgp0qlc1atV\/BTpP4GjhBc0tAvq4yb9Fu1qQeMrhIUjhWNwTqQN3OAJOpzOEe32XI\/yEfyLisvsl1\/4\/n\/AI2HgyjHD\/ZVXPf9z8PPfsh2N3NMVX3e8S0bNpnSOpF\/bmvRoAtbb7IXYu3JmZn8hCaEQkJoQJCaSgSE0KhITQoIoTSQJCaSBIKJQgSSkkiopKSEAmhNZAmhCATQhUCaEIBNCEAqKoLnNaNGkPceo0b47+HirK1TKJ8h4pYf4BMzvOs7+6zMRPUqtCEJgrSEhNCWEhCEAhCEsCSaSAQhCBIQhAkIQgimmkgSSaSBITQihMITWQJpJoBNJNAJpIVDQhCCmu7eJDYJAubnXyAKsbZ1tCCdtZ1859lW18VC0jUBwPOLEeVvVLDOjM108Ly0dQ6C3yAcB\/pUr9rEuhCEKoaSE0CQhCoEIQoBJCFQIQhAkISUQ0kJIoQhJAJFNJUJCEkEk0k1hTTUU1Q0IQgaEk0AmkhBXiJy5gJLeIDnGoHUiR5qqxeHB1nhpEbhpkeod7LpXJRaA7ID8JL2wR8L8wI8BJt\/KpNR3ZFenakosNgTYwJHIpkqhoXhu0P2+LKzmMogtaS3iJzGLTyC9J+zvbLcZR7wCCDlcNp6KRnE\/hZxmItrIWf22H9wTSdlc0tcDAOhuL9CV3NJi+u\/junL7qXj9vL5SSRKJWmAhKUIBCEkAhIoQEoSSQNKUkEoCUJSlKKaJUZSlBahRTlYVJCSFUSQkhFSQooVRKUSkqcVWyMLoLiBZo1J2AQGKJIyNMF1iRq1u5HXYdT0Knh6LWNysED7nmTuVVgabmsHeGXnieRpmOw6DQeC6EWY76SlcfaLn5C2kYebC0x1XVKyP2g7V7gACA50mTs0fnJ+6znlGMXK4YzllEQ+S9t4F9CuQ+eJziCZvxG4O+3qvb\/+L8QBSqtc4fE0ifCP6LtwlajiGkvpMcSCCXgOMcrqvBhrB3NCm2nJkZJuSY19F8X1FT1DofSXHeXT1ePb\/hkEgAxOYxwyJ9pVlGoHNzDQyR4E2WdheyA2O9e6oRs74Z\/l381pyvpwxznLlk+TyZYRjww\/uzlEpSlK9nglKUpSlKBoSlKUDQoyiUEpSlRJSzIJSlKgXJF6CZKRKqNRRNRUXEqMqkvSzpQ7E5UZRKwqUpyoyiUEpRKjKJVE5RKhKi+s1oLi4ADUkgAeJSxYXQJPjdc1FxqOLplgPCBoXNmSed\/SEqkVWlt8piTBEiZgT\/0r2ANAAEAAAAbAaBT8ncLJRKhmRmWhOV5MgY3Gm006cA8i1p0\/1OnyXocfiRTpOedhtzNh7lZ\/7OYLuKEOEPcSXTzBLQB0t7rzzjlMQ9PHPGJyeYw1E0sQ6kJ4XkeLdifKFsdjM\/xm20cfzV9EB+MrAATLeV+Bq7aOHyPzQLGDB9bLnZVj5K+XUxufF\/xqyiVSaqga661OM6cyWZcbsU0fMPUKt2PYPnHqlSlw78yMyy3dps+r0BVZ7VbtmPgEpOUNbOkaixXdrD6XedlWe1jswebgrSc4bhqqJrLBd2q7k0epUP3hUOhHk0\/mnSbIb5rKJqrAOIqn5neTQjLVO7\/UBLhNkN01FW6sNyPULG\/CPOvuSgdmu6e5U5QmxqOxbBq8eoVbu0KY+ce64x2Yf+gFYOy\/7snKE2T6TPalPYk+AUP3q36XeikOzf7kqX7sHJTnBzy9NrMgvWKe0+VM+bv0UXdoPOlNo\/3H81l7c8fbb7wc0u9HNYRxtToEu\/rHf0ATpNmLf7xLvFg5ax3d\/wAkvwtU8\/P9UuDZHpsYyvw5bS7hEm1wZkjpKooupsAuyW2B4JjpGnks53ZjzqBYzryVo7MfzHuUvE5z+oaLu0GfV9yqz2oz6vb+q5B2SfrHopjskb1HeSc4Tll6WHtVu0nwhQd2ryafOf6JjsqnuXHzKtHZ1L6Z8U2QXk46vamYEFgg6gkFQPaj9svutNuEpj5B6BWCm0aNCmxPueDPajmV3VpuSSuvCftNNR2YWc4GN5gArI\/Dl1Tu9y7J\/qmFp\/tHgG0K7X5eB4Hk5oAPtB9V8E48ryl2Mc+PHFs1BUd\/7C0mMwdHCdxbkrKvZ1WYymNszrxtotLsupNFkG2VdS+zHOaiXL8mERM4\/LDb2XU\/h\/5KwdkO3cB4ALX80ELXOXlrhmjsnm8+VlL90N3cT4laEIspzk1w4h2ZT5fdTb2fTHyhdUIt\/cKXK8IUjCsHyj2Uu5byVkhBKWcIQ7sclLKOQRmCiXKWvCDI6IChnSLkteKZKRlQzo7xLWk46pQFDvEd4eiWUrFBv0+pKmKbfpHor24F5+ZoExJ08fBH4J272j1P2WNmPtvTl6VCOQ9E83VMYN0x3oIibMIt4kwrPwX8fnbrBWdmPtrTmrzdUZlZSw7d3iT1B+yHUWgxnHMzEny1TbiseDJXmTCn3d4AJMj0VooC0gg2kEi\/TWxU24royc4\/vRNX9wy88yNSItN7pVaVK0GYuRmNx6e6u7E+nyU5k8wUe6ZNxeCQCdxHW538ldh8Iw\/K0kmxGXwH5qb49L9PPtV3reY9Ql37fqHqF1U8G3No20QBlaOZ2mPHkn+EF\/8ADDr3ykOEaCJHX+ibo9L9P8vL4Xs6mcVVdPEyo2oBzBh33JWl2rg216eV1oOZruThz5i8eazu1aLqGLY6Y7xuUjqDa3KCPQr1bWEtyw0TDrOBm0TrA3Fl545\/nr8vfPx3jjMT3DF7Bq5mOputUp2IGhA3HQhdgf0Porsf2a4ubWYWtqMEjQZjqWPPIi3SZ5qeGxNKpGQybZmkjMw3GV+9tPJMfJOPVHk8ceSOX7\/bkNWBMGNZTpuz3aJ9tNdVrdwCZLgBoGidttRfRQrUmn4mk7XDXamTIj7re2fTw04+2dldqRA1vaw1URmOnh52MDrBC1aJzjKGuDQIkhovyO\/tC6JgaR4RHra6u2TTDDyO+k+hR3b9mu9Ct2k4AfF6kKGLe14i5aLktfknoSm1NDEdTeLlrh5FMUKhEhjvQrYw1Z+gZltq4SSddQb7oxGLc1oc+nNw0jM1v\/GfYlNq6IZVPBuIuQ03s8PGlrWuipgagdlHFaeGY9xqtR2KqFoILQHDhkgQepJIPKypbiHCBUqEZvhDLOuDpMSPDos7Za04s12FqC5afP8AVQ\/C1JAyOkyQCIJA1MawtCpUIOZhkG2d77E3kCTadJSw+NY9uYk58oJa14N+jomL+6u2U0YuOrgajRme2B1InyGpUXYN4EuHsrasVGkZRDSCAX1mmBYEncropYktZxtiLWL3Akzo0FN0rohn1KLmwSHEH6WuMDmeQ8V1M7McROnjAPor3YgwM7SDI2Fz0nr91w1u1mNcWvqHMNcpEXvyU2yseDF1jlAIjUiTf6jbVVuZxDhZFhLCQQ7aIbpquNlRh42GToI1PUi3UpVK9S0i8xN9LHP09dl89vemjTrADNJ3kZRBM6EkadfBTdUpgXZrvLQLfYdQFlte4tAECYIkmOU687qDAWtIJkkxAkEk\/wAwullNlmKaHDK0AcyZv0AH5hV4jGNcCXNiN4GhgEiDI1Wa173k5naG2WWkRpuTy\/RTrM1Acamm5APjJ3v7JZTvZXLQMvDAmXO0gXzx47qvvHPgOExrGYjNqCDIk+AKrwrczTnEPuATOlp4C\/W+p\/VRcKhJLWxoS60xIMTBg21VsoOp\/NLjMiRcx0mwM\/ZWuABAdn9pE6kzzk7KDaDpu69oB0+EGLeqjVa7O0kzJvlPxc\/aLnkotJ4vHUKMd47KCSYdIOk39Auf98UnENY6Wm0y0EWkDiy200J1SxGCY8h7wyZIBcGmCSARfX9AuyrhGAAC\/MtaIB1bM3ga6QtWzSk4trYyuaBIAOZnyzJA1i39wnQ7ULtXOAa0u\/zAXEE3iLg7KxlA3cD8R3BkDQ5pOut7KPcGYILhpLBIJPO0jUWB0AUtacnbFAVmgBjic7Xl8tGSBzcZi5WgyuYHc3bOXNmbBgRIi9jEg8j4qLuzC4EuzAEEQ4ttpuZ5c1LD9kty5m1ALyACGtOYTBg9Z13SbOqpWcUagvTEcQvmdfS4LdDfpbVV4Wkym576bGtL4zEB7ZboGxNvhGg3WhVwDTla4sDtiDB3uC2976pOwTQRmdJBESYien6K9p0rFRwy5SQHTAAYQwazoJBJ1VRzTxlzgHTYtgtP1NBG8bbartbh6bHQalxeACTMq6s2m0B0OtwjhIMWnaw3UpbZNQub8MkwBAzGTIvmMWgbeqicSWyBSi5kuzWNyQZsG\/xSV2vrjOGhrtZ+B9x0OnLdWGoSwmG5iZ4g0eBgGw9zHkrSW5M5dByAiB8DWE77+BNlNzy1mVoiSYA4iInrMaJsqETnfcmG5AcouQbiJ3v09KMKwgk5ZLTHC2oRDtQTE7jQlZaPEipklmUOkF7qhhsHbhuT\/ZOypqYZ7cpa1rOFxdlG8Eu5Tvf+LddTGvuQwRMQDEdASTG6m2i6Wy5sgAZc1y0m0SD1sfKVe0cj85LZk2mbRMTwwQT68vBUmjmcHZi8sFptcA3Ik7HUSu2thngl8GDbhcwAgzcxA5aAqeGw1wS6AAWkDiF\/h1ERYpUluL8BFw6A6xk2MxmF4sSfdWYfDuYIzMI0Bkw0TeCPIarRqYakGZjO8HPoI1IEQoYWmAwue4xc2EchpJEePJWktzNDskQRDbxEAbETy8Fy08Kwv7w13ktMEOfLSYtmYGxdWY7GveCwAhpgAhtxfUmRI9EqAexrQ99R4cYcGNudxDhpMQgsxNBhLnOEkTOdxzZuknhFhdWYalLAeG4\/+Z9yTKRoOzirlsZBDZcXDTiDhyjQxc+K0H91N7G1s7hFtIBhSltkNw9socACBdwIm8mT5eyi+mWnu3yZlwcxrzlAixIMDwi91ZjG3ZFs0jV0CGAm03mfJSDIc7MAYGgkCYNxfxt1UipKlzPDLSHXtdpF9pjTTWy6O5uTI4QTxETEC224PQ9FbSwTWtcZdMZ8zSQ62wOgNtYVbqgbVazI0uDfjytBMgj8h6BXo7VYbD1JkMdBjSDaIiYgAQF2Mwr3QTmdN7XYLAxAPOdvVSpU3CpkzmAO8kCDfNAtbQX59FVhK5IflhoHIXMtLjfyTo7W1cEYzOboNyJ+8rlNRmYZnNhwloBLgdoNhvO+xTaTnk6uJAI+WADvM66LrywySSRcXLtcrZv1naE6EHUqYdGY7tnhmTaBF7dCmzIJm4HOSDPuTPNDMK1zQ8tbpmEASCR9Wv6rsdhg5p5tNjGx\/PqkfAzDiXEl2XSBqSI2kE28YjxTqdoEyAACRE5S4zzJAtoVblyuawE8YeSTeMoJgA6XCYwwa2ATq3Wd9vDX1VqTosO4upg94XafBInQnS\/TrG91Y7F1SbERprUkGNY1Okqt+Dyuy5iQWhxmeRsIIjRRZhxMgABrQ6INy4b36KTZ05MRh3VWw97nETmDTY7baXGm32TcreGqzK0mKeZzZtYTedYF+Wi6cZTDGlzd5J19AZtodOaMVQbSa05Q5zmCpLgCGuBgQ0yNuh6pS2WW0SI1ceA\/Le89QdEYigHZXU+JwHCDI4Tvf28F0V8NZokcRBMARcbA6be6pdEkZGwSZ+LlI31BJUF7KpALQ+9icl7WFyOYJ056qljhlzF7zqWkgDLcWgXOgTpU2gxElsZSdARpwi0QNNFdSxAp3DJkbkm5AMqpTiOIe2nlYCN8xzAQbHKBtbXxSDjl\/wAxzhLiWinE8t+uy0Y0c4NIdlEBrRDiXS6YvobdSp4qKLcoFjItDTEwLi6tFs7F0i+jwUn57\/DLcpg3i1ifFVt7PqQAXObABEOMPMjXNceUazursNj3S0v4i0NnRrXAuDTLQPPVRxbXOEuqOOXOwQSBbeOc7iNB4pSW6MKajGOa+kwSB8IdDiLnMTIcddVHD1DDX8DXEB2giLxAAk+OipwzH913neuJmSHcQykG0c7C\/skaIfBdMH6bOBAmZuN+WyTdlw6sViG02AvdUJcJiYzE7205R4KNPE0gAQCHTJBiYJ3BmPI3XHjWDM4kBxdlpkunmQDbwHiuZ2Dolrs1IFxjiEAjh2tb4fdWhp4rtBpLhwCAAckGAehFvNV2MPFQ5dC1zfmMmBpquTAdmthwDiAwixi9hsIAvB3VDG5nhhJl2ZxIgCzoEBZlXY3EhrX1WjYfCWuOaL8O40058lBuOqFjXPmmLkEcMD+YEi11Q2s6k0mZ0YbNBIk7xp0UMIA6mC4fFTDqcGO6JOUxu4aWnbdLWnQcbWjNnzMbxcVR2WZ1LrRqNxoVz1MMCZc0OJuSX3J9FTSqEEsdDjGXMBl4eWUbX9la1rmjL3r7dQPsFJkp\/9k=\" alt=\"nudiste en Sicile\"\/><figcaption>La plage nudiste du &#8220;Capo Feto&#8221;<\/figcaption><\/figure><\/div>\n\n\n\n<p style=\"text-align:center\"><a href=\"https:\/\/www.google.it\/maps\/place\/Physis+-+Naturist+Accomodation\/@37.6625105,12.6114971,3a,124.9y,90t\/data=!3m8!1e2!3m6!1sAF1QipOEv6zgj0CHhUGWnsujj8gCqpWBlwbhuQkxjgv-!2e10!3e12!6shttps:%2F%2Flh5.googleusercontent.com%2Fp%2FAF1QipOEv6zgj0CHhUGWnsujj8gCqpWBlwbhuQkxjgv-%3Dw205-h120-k-no!7i640!8i373!4m12!1m6!3m5!1s0x0:0x1254749553ed2b92!2sPhysis+-+Naturist+Accomodation!8m2!3d37.6626071!4d12.611446!3m4!1s0x0:0x1254749553ed2b92!8m2!3d37.6626071!4d12.611446\">Plus de photos dans notre espace sur Google<\/a><\/p>\n","protected":false},"excerpt":{"rendered":"<p>Notre \u201cPhysis\u201d est un \u00e9tablissement touristique naturiste, le seul en Sicile pour les nudistes. Nous vous accueillerons dans une atmosph\u00e8re chaleureuse et accueillante. Vous trouverez toujours quelqu&#8217;un pour vous accueillir qui vous donnera des indications pr\u00e9cises sur les plages, les restaurants, les lieux touristiques \u00e0 ne pas manquer. Dans le jardin, il y a une&nbsp;&hellip;<\/p>\n","protected":false},"author":2,"featured_media":0,"parent":0,"menu_order":0,"comment_status":"closed","ping_status":"closed","template":"","meta":{"footnotes":""},"class_list":["post-708","page","type-page","status-publish","hentry"],"_links":{"self":[{"href":"https:\/\/physis.sicilianaturista.it\/index.php?rest_route=\/wp\/v2\/pages\/708","targetHints":{"allow":["GET"]}}],"collection":[{"href":"https:\/\/physis.sicilianaturista.it\/index.php?rest_route=\/wp\/v2\/pages"}],"about":[{"href":"https:\/\/physis.sicilianaturista.it\/index.php?rest_route=\/wp\/v2\/types\/page"}],"author":[{"embeddable":true,"href":"https:\/\/physis.sicilianaturista.it\/index.php?rest_route=\/wp\/v2\/users\/2"}],"replies":[{"embeddable":true,"href":"https:\/\/physis.sicilianaturista.it\/index.php?rest_route=%2Fwp%2Fv2%2Fcomments&post=708"}],"version-history":[{"count":3,"href":"https:\/\/physis.sicilianaturista.it\/index.php?rest_route=\/wp\/v2\/pages\/708\/revisions"}],"predecessor-version":[{"id":713,"href":"https:\/\/physis.sicilianaturista.it\/index.php?rest_route=\/wp\/v2\/pages\/708\/revisions\/713"}],"wp:attachment":[{"href":"https:\/\/physis.sicilianaturista.it\/index.php?rest_route=%2Fwp%2Fv2%2Fmedia&parent=708"}],"curies":[{"name":"wp","href":"https:\/\/api.w.org\/{rel}","templated":true}]}}