{"id":578,"date":"2019-04-02T09:39:48","date_gmt":"2019-04-02T09:39:48","guid":{"rendered":"http:\/\/physis.sicilianaturista.it\/?page_id=578"},"modified":"2019-06-03T16:28:35","modified_gmt":"2019-06-03T16:28:35","slug":"glamping","status":"publish","type":"page","link":"https:\/\/physis.sicilianaturista.it\/?page_id=578","title":{"rendered":"Glamping"},"content":{"rendered":"\n<p>In giardino, accanto alla piscina, \u00e8 possibile essere alloggiati in una tenda da campeggio. La troverete gi\u00e0 pronta, con tutto quello che vi serve per passare una comoda e tranquilla nottata: letto, lenzuola, luce di cortesia, tavolino, sedie, asciugamani.<\/p>\n\n\n\n<p>Ricordiamo ai nostri clienti che la nostra struttura e&#8217; a conduzione familiare e quindi gli orari di arrivo devono essere previamente concordati con i gestori. In ogni caso ai clienti registrati verr\u00e0 data la chiave di accesso della struttura per rendere pi\u00f9 agevole la loro permanenza.<\/p>\n\n\n\n<h2 class=\"wp-block-heading\">TENDA<\/h2>\n\n\n\n<figure class=\"wp-block-image alignnone size-medium\"><img decoding=\"async\" src=\"http:\/\/www.naturistencamping.com\/photo\/it\/11260\/11260-3.jpg\" alt=\"naturist camping in italy, campeggio naturista in sicilia\"\/><figcaption>Tenda in giardino, accanto la piscina naturista<\/figcaption><\/figure>\n\n\n\n<p>I nostri ospiti possono essere ospitati in una tenda in giardino. Il nostro NON \u00e8 un camping in quanto tre \u00e8 il numero massimo di tende che \u00e8 possibile ospitare. In compenso \u00e8 possibile fruire del bagno esterno privato e NON condiviso con gli altri ospiti.<\/p>\n\n\n\n<figure class=\"wp-block-image\"><a href=\"https:\/\/physis.sicilianaturista.it\/wp-content\/uploads\/2017\/04\/ospiti_francia2-1.jpg\"><img loading=\"lazy\" decoding=\"async\" width=\"300\" height=\"169\" src=\"https:\/\/physis.sicilianaturista.it\/wp-content\/uploads\/2017\/04\/ospiti_francia2-1-300x169.jpg\" alt=\"\" class=\"wp-image-398\" srcset=\"https:\/\/physis.sicilianaturista.it\/wp-content\/uploads\/2017\/04\/ospiti_francia2-1-300x169.jpg 300w, https:\/\/physis.sicilianaturista.it\/wp-content\/uploads\/2017\/04\/ospiti_francia2-1-768x432.jpg 768w, https:\/\/physis.sicilianaturista.it\/wp-content\/uploads\/2017\/04\/ospiti_francia2-1.jpg 800w\" sizes=\"auto, (max-width: 300px) 100vw, 300px\" \/><\/a><figcaption>Ospiti naturisti dalla Francia in Sicilia<\/figcaption><\/figure>\n\n\n\n<figure class=\"wp-block-image\"><img loading=\"lazy\" decoding=\"async\" width=\"1024\" height=\"498\" src=\"https:\/\/physis.sicilianaturista.it\/wp-content\/uploads\/2019\/04\/20180711_135057-1024x498.jpg\" alt=\"campeggio nudista in Sicilia\" class=\"wp-image-580\" srcset=\"https:\/\/physis.sicilianaturista.it\/wp-content\/uploads\/2019\/04\/20180711_135057-1024x498.jpg 1024w, https:\/\/physis.sicilianaturista.it\/wp-content\/uploads\/2019\/04\/20180711_135057-300x146.jpg 300w, https:\/\/physis.sicilianaturista.it\/wp-content\/uploads\/2019\/04\/20180711_135057-768x373.jpg 768w, https:\/\/physis.sicilianaturista.it\/wp-content\/uploads\/2019\/04\/20180711_135057.jpg 1220w\" sizes=\"auto, (max-width: 1024px) 100vw, 1024px\" \/><figcaption>Una delle tende per i nostri ospiti naturisti<\/figcaption><\/figure>\n\n\n\n<h1 class=\"wp-block-heading\"><a href=\"https:\/\/www.google.it\/maps\/uv?hl=it&amp;pb=!1s0x131bc7dcc0456007:0x1254749553ed2b92!2m19!2m2!1i80!2i80!3m1!2i20!16m13!1b1!2m2!1m1!1e1!2m2!1m1!1e3!2m2!1m1!1e5!2m2!1m1!1e4!3m1!7e115!4shttps:\/\/picasaweb.google.com\/lh\/sredir?uname%3D108501047405653393357%26id%3D6412490837860291874%26target%3DPHOTO!5snaturista+physis+-+Cerca+con+Google&amp;imagekey=!1e3!2s-ykJdG2WgykY\/WP2-cTQcFSI\/AAAAAAAAAF4\/iU4NjH2RU0IdmF3SMdDxZvUDQ5yWLiqLwCLIB&amp;sa=X&amp;ved=0ahUKEwjm2ornr-rUAhXEh7QKHXWaC6QQoioIdzAK\" data-external=\"true\">Per tutte le altre foto potete visitare il nostro spazio su Google<\/a><\/h1>\n\n\n\n<h2 class=\"wp-block-heading\">&nbsp;<\/h2>\n","protected":false},"excerpt":{"rendered":"<p>In giardino, accanto alla piscina, \u00e8 possibile essere alloggiati in una tenda da campeggio. La troverete gi\u00e0 pronta, con tutto quello che vi serve per passare una comoda e tranquilla nottata: letto, lenzuola, luce di cortesia, tavolino, sedie, asciugamani. Ricordiamo ai nostri clienti che la nostra struttura e&#8217; a conduzione familiare e quindi gli orari&nbsp;&hellip;<\/p>\n","protected":false},"author":2,"featured_media":0,"parent":29,"menu_order":1,"comment_status":"closed","ping_status":"closed","template":"","meta":{"footnotes":""},"class_list":["post-578","page","type-page","status-publish","hentry"],"_links":{"self":[{"href":"https:\/\/physis.sicilianaturista.it\/index.php?rest_route=\/wp\/v2\/pages\/578","targetHints":{"allow":["GET"]}}],"collection":[{"href":"https:\/\/physis.sicilianaturista.it\/index.php?rest_route=\/wp\/v2\/pages"}],"about":[{"href":"https:\/\/physis.sicilianaturista.it\/index.php?rest_route=\/wp\/v2\/types\/page"}],"author":[{"embeddable":true,"href":"https:\/\/physis.sicilianaturista.it\/index.php?rest_route=\/wp\/v2\/users\/2"}],"replies":[{"embeddable":true,"href":"https:\/\/physis.sicilianaturista.it\/index.php?rest_route=%2Fwp%2Fv2%2Fcomments&post=578"}],"version-history":[{"count":2,"href":"https:\/\/physis.sicilianaturista.it\/index.php?rest_route=\/wp\/v2\/pages\/578\/revisions"}],"predecessor-version":[{"id":698,"href":"https:\/\/physis.sicilianaturista.it\/index.php?rest_route=\/wp\/v2\/pages\/578\/revisions\/698"}],"up":[{"embeddable":true,"href":"https:\/\/physis.sicilianaturista.it\/index.php?rest_route=\/wp\/v2\/pages\/29"}],"wp:attachment":[{"href":"https:\/\/physis.sicilianaturista.it\/index.php?rest_route=%2Fwp%2Fv2%2Fmedia&parent=578"}],"curies":[{"name":"wp","href":"https:\/\/api.w.org\/{rel}","templated":true}]}}