{"id":29,"date":"2017-02-02T17:37:20","date_gmt":"2017-02-02T17:37:20","guid":{"rendered":"http:\/\/www.marcellofesteggiante.it\/physis\/wordpressxxl\/?page_id=13"},"modified":"2020-06-30T14:14:57","modified_gmt":"2020-06-30T14:14:57","slug":"appartamenti","status":"publish","type":"page","link":"https:\/\/physis.sicilianaturista.it\/?page_id=29","title":{"rendered":"Dove Alloggiare"},"content":{"rendered":"<p style=\"margin-bottom: 0;\">La nostra associazione, nello spirito della promozione della filosofia naturista e di scambi culturali con naturisti di tutta Europa, permette di alloggiare presso la nostra struttura, l&#8217;unica, in Sicilia, che ospita esclusivamente ospiti naturisti.<\/p>\n<p>Ci sono due possibilit\u00e0 di soggiorno:<\/p>\n<h2>APPARTAMENTI (piano terra e primo piano)<\/h2>\n<div style=\"width: 660px\" class=\"wp-caption alignnone\"><img loading=\"lazy\" decoding=\"async\" class=\"size-medium\" src=\"http:\/\/www.trovavacanzesicilia.it\/foto\/strutture\/661-6875.jpg\" alt=\"naturismo in sicilia, appartamento naturista, naturist accomodation in italy, naturisme italie\" width=\"650\" height=\"330\" \/><p class=\"wp-caption-text\">B&amp;B Physis &#8211; Piano Terrra<\/p><\/div>\n<p style=\"margin-bottom: 0;\">L&#8217;appartamento, posto al piano terra, pu\u00f2 ospitare fino a 4 persone. Dispone di:<\/p>\n<ul>\n<li>\n<p style=\"margin-bottom: 0;\">una piccola camera da letto con 2 letti singoli (accoppiabili all&#8217;occorrenza in un letto matrimoniale)e armadio<\/p>\n<\/li>\n<li>\n<p style=\"margin-bottom: 0;\">un soggiorno con cucina in muratura di pregevole fattura corredata di 4 fuochi , stoviglie e quant&#8217;altro serva a cucinare le specialit\u00e0 locali; un comodo divano letto 2 posti, un tavolo e sedie per 4 persone, frigo con congelatore;<\/p>\n<\/li>\n<li>\n<p style=\"margin-bottom: 0;\">veranda antistante il soggiorno, collegata da una porta finestra scorrevole, utilizzabile per anche per i pasti, corredata di tavolo e sedie<\/p>\n<\/li>\n<li>\n<p style=\"margin-bottom: 0;\">bagno funzionale con doccia, lavabo, wc e bidet<\/p>\n<\/li>\n<\/ul>\n<div style=\"width: 660px\" class=\"wp-caption alignnone\"><img loading=\"lazy\" decoding=\"async\" src=\"http:\/\/www.trovavacanzesicilia.it\/foto\/strutture\/661-9226.jpg\" alt=\"appartamento naturista in sicilia, naturism in sicily, nudist accomodation italy, naturisme sicilie\" width=\"650\" height=\"391\" \/><p class=\"wp-caption-text\">B&amp;B Physis &#8211; appartamento primo piano<\/p><\/div>\n<p style=\"margin-bottom: 0;\">L&#8217;appartamento, posto al primo piano, pu\u00f2 ospitare fino a 4 persone. Dispone di:<\/p>\n<ul>\n<li>\n<p style=\"margin-bottom: 0;\">una camera da letto con letto matrimoniale alla francese, armadio a muro<\/p>\n<\/li>\n<li>\n<p style=\"margin-bottom: 0;\">un soggiorno con cucina in muratura di pregevole fattura corredata di 4 fuochi , stoviglie e quant&#8217;altro serva a cucinare le specialit\u00e0 locali; un comodo divano letto 2 posti, tavolo e sedie per 4 persone, frigo con congelatore<\/p>\n<\/li>\n<li>\n<p style=\"margin-bottom: 0;\">bagno funzionale con doccia, lavabo, wc e bidet<\/p>\n<\/li>\n<li>\n<p style=\"margin-bottom: 0;\">balconcino con persiane e zanzariere<\/p>\n<\/li>\n<\/ul>\n<p style=\"margin-bottom: 0;\">Negli interni, gli appartamenti sono di recentissima costruzione, dispongono di un impianto di climatizzazione autonomo con aria condizionata e riscaldamento, la tv, il frigo con congelatore. Tutte le finestre sono dotate di zanzariere per poter godere del fresco notturno senza il brutto inconveniente di insetti dispettosi.<\/p>\n<p style=\"margin-bottom: 0;\">Ricordiamo ai nostri clienti che il b&amp;b e&#8217; a conduzione familiare e quindi gli orari di arrivo devono essere previamente concordati con i gestori. In ogni caso ai clienti registrati verr\u00e0 data la chiave di accesso della struttura per rendere pi\u00f9 agevole la loro permanenza.<\/p>\n<h2>Oppure:<\/h2>\n<h2>TENDA<\/h2>\n<div style=\"width: 1010px\" class=\"wp-caption alignnone\"><img loading=\"lazy\" decoding=\"async\" class=\"size-medium\" src=\"http:\/\/www.naturistencamping.com\/photo\/it\/11260\/11260-3.jpg\" alt=\"naturist camping in italy, campeggio naturista in sicilia\" width=\"1000\" height=\"750\" \/><p class=\"wp-caption-text\">Tenda in giardino, accanto la piscina<\/p><\/div>\n<p>I nostri ospiti possono essere ospitati in una tenda in giardino. Il nostro NON \u00e8 un camping in quanto tre \u00e8 il numero massimo di tende che \u00e8 possibile ospitare. In compenso \u00e8 possibile fruire del bagno esterno privato e NON condiviso con gli altri ospiti.<\/p>\n<p><a href=\"https:\/\/physis.sicilianaturista.it\/wp-content\/uploads\/2017\/04\/ospiti_francia2-1.jpg\"><img loading=\"lazy\" decoding=\"async\" class=\"alignnone size-medium wp-image-398\" src=\"https:\/\/physis.sicilianaturista.it\/wp-content\/uploads\/2017\/04\/ospiti_francia2-1-300x169.jpg\" alt=\"\" width=\"300\" height=\"169\" srcset=\"https:\/\/physis.sicilianaturista.it\/wp-content\/uploads\/2017\/04\/ospiti_francia2-1-300x169.jpg 300w, https:\/\/physis.sicilianaturista.it\/wp-content\/uploads\/2017\/04\/ospiti_francia2-1-768x432.jpg 768w, https:\/\/physis.sicilianaturista.it\/wp-content\/uploads\/2017\/04\/ospiti_francia2-1.jpg 800w\" sizes=\"auto, (max-width: 300px) 100vw, 300px\" \/><\/a><\/p>\n<p><img loading=\"lazy\" decoding=\"async\" class=\"alignnone  wp-image-468\" src=\"https:\/\/physis.sicilianaturista.it\/wp-content\/uploads\/2018\/08\/20180711_135153.jpg\" alt=\"20180711_135153\" width=\"299\" height=\"198\" \/><\/p>\n<h1 style=\"margin-bottom: 0; text-align: center;\"><a href=\"https:\/\/www.google.it\/maps\/uv?hl=it&amp;pb=!1s0x131bc7dcc0456007:0x1254749553ed2b92!2m19!2m2!1i80!2i80!3m1!2i20!16m13!1b1!2m2!1m1!1e1!2m2!1m1!1e3!2m2!1m1!1e5!2m2!1m1!1e4!3m1!7e115!4shttps:\/\/picasaweb.google.com\/lh\/sredir?uname%3D108501047405653393357%26id%3D6412490837860291874%26target%3DPHOTO!5snaturista+physis+-+Cerca+con+Google&amp;imagekey=!1e3!2s-ykJdG2WgykY\/WP2-cTQcFSI\/AAAAAAAAAF4\/iU4NjH2RU0IdmF3SMdDxZvUDQ5yWLiqLwCLIB&amp;sa=X&amp;ved=0ahUKEwjm2ornr-rUAhXEh7QKHXWaC6QQoioIdzAK\">Per tutte le altre foto potete visitare il nostro spazio su Google<\/a><\/h1>\n<h2 style=\"text-align: center;\"><\/h2>\n","protected":false},"excerpt":{"rendered":"<p>La nostra associazione, nello spirito della promozione della filosofia naturista e di scambi culturali con naturisti di tutta Europa, permette di alloggiare presso la nostra struttura, l&#8217;unica, in Sicilia, che ospita esclusivamente ospiti naturisti. Ci sono due possibilit\u00e0 di soggiorno: APPARTAMENTI (piano terra e primo piano) L&#8217;appartamento, posto al piano terra, pu\u00f2 ospitare fino a&nbsp;&hellip;<\/p>\n","protected":false},"author":2,"featured_media":0,"parent":0,"menu_order":2,"comment_status":"open","ping_status":"open","template":"","meta":{"footnotes":""},"class_list":["post-29","page","type-page","status-publish","hentry"],"_links":{"self":[{"href":"https:\/\/physis.sicilianaturista.it\/index.php?rest_route=\/wp\/v2\/pages\/29","targetHints":{"allow":["GET"]}}],"collection":[{"href":"https:\/\/physis.sicilianaturista.it\/index.php?rest_route=\/wp\/v2\/pages"}],"about":[{"href":"https:\/\/physis.sicilianaturista.it\/index.php?rest_route=\/wp\/v2\/types\/page"}],"author":[{"embeddable":true,"href":"https:\/\/physis.sicilianaturista.it\/index.php?rest_route=\/wp\/v2\/users\/2"}],"replies":[{"embeddable":true,"href":"https:\/\/physis.sicilianaturista.it\/index.php?rest_route=%2Fwp%2Fv2%2Fcomments&post=29"}],"version-history":[{"count":8,"href":"https:\/\/physis.sicilianaturista.it\/index.php?rest_route=\/wp\/v2\/pages\/29\/revisions"}],"predecessor-version":[{"id":823,"href":"https:\/\/physis.sicilianaturista.it\/index.php?rest_route=\/wp\/v2\/pages\/29\/revisions\/823"}],"wp:attachment":[{"href":"https:\/\/physis.sicilianaturista.it\/index.php?rest_route=%2Fwp%2Fv2%2Fmedia&parent=29"}],"curies":[{"name":"wp","href":"https:\/\/api.w.org\/{rel}","templated":true}]}}